{"id":1045,"date":"2021-01-07T02:32:52","date_gmt":"2021-01-07T02:32:52","guid":{"rendered":"https:\/\/maytronicsla.com\/site\/?page_id=1045"},"modified":"2021-05-19T21:42:39","modified_gmt":"2021-05-19T21:42:39","slug":"equipo","status":"publish","type":"page","link":"https:\/\/maytronicsla.com\/site\/equipo\/","title":{"rendered":"Equipo"},"content":{"rendered":"\n[et_pb_section fb_built=\u00bb1&#8243; _builder_version=\u00bb4.5.1&#8243; _module_preset=\u00bbdefault\u00bb background_enable_color=\u00bboff\u00bb custom_padding=\u00bb0px||0px|||\u00bb][et_pb_row _builder_version=\u00bb4.5.1&#8243; _module_preset=\u00bbdefault\u00bb width=\u00bb100%\u00bb max_width=\u00bb100%\u00bb module_alignment=\u00bbcenter\u00bb custom_padding=\u00bb||0px||false|false\u00bb][et_pb_column type=\u00bb4_4&#8243; _builder_version=\u00bb4.5.1&#8243; _module_preset=\u00bbdefault\u00bb][et_pb_slider use_bg_overlay=\u00bbon\u00bb bg_overlay_color=\u00bbrgba(0,184,221,0.22)\u00bb use_text_overlay=\u00bboff\u00bb _builder_version=\u00bb4.5.1&#8243; _module_preset=\u00bbdefault\u00bb header_font_size=\u00bb55px\u00bb background_color=\u00bbrgba(0,0,0,0)\u00bb background_image=\u00bbhttps:\/\/maytronicsla.com\/site\/wp-content\/uploads\/2021\/03\/maytronics-equipo-latam.jpg\u00bb custom_margin=\u00bb-28px||||false|false\u00bb custom_padding=\u00bb135px||130px||false|false\u00bb custom_padding_tablet=\u00bb\u00bb custom_padding_phone=\u00bb90px||90px||false|false\u00bb custom_padding_last_edited=\u00bbon|desktop\u00bb header_text_shadow_style=\u00bbpreset3&#8243; header_text_shadow_color=\u00bb#000000&#8243;][et_pb_slide heading=\u00bbEquipo\u00bb _builder_version=\u00bb4.5.1&#8243; _module_preset=\u00bbdefault\u00bb header_font=\u00bbFlexo Bold||||||||\u00bb body_font=\u00bbFlexo Bold||||||||\u00bb body_text_align=\u00bbcenter\u00bb body_font_size=\u00bb20px\u00bb custom_button=\u00bbon\u00bb button_text_color=\u00bb#373D42&#8243; button_bg_color=\u00bb#fdb515&#8243; button_border_width=\u00bb0px\u00bb button_border_radius=\u00bb28px\u00bb button_font=\u00bbFlexo Bold||||||||\u00bb text_orientation=\u00bbcenter\u00bb header_text_shadow_style=\u00bbpreset3&#8243;][\/et_pb_slide][\/et_pb_slider][\/et_pb_column][\/et_pb_row][\/et_pb_section][et_pb_section fb_built=\u00bb1&#8243; _builder_version=\u00bb4.5.1&#8243; _module_preset=\u00bbdefault\u00bb][et_pb_row _builder_version=\u00bb4.5.1&#8243; _module_preset=\u00bbdefault\u00bb][et_pb_column type=\u00bb4_4&#8243; _builder_version=\u00bb4.5.1&#8243; _module_preset=\u00bbdefault\u00bb][et_pb_text _builder_version=\u00bb4.5.1&#8243; _module_preset=\u00bbdefault\u00bb text_font=\u00bbFlexo Bold||||||||\u00bb text_font_size=\u00bb41px\u00bb text_line_height=\u00bb1.2em\u00bb hover_enabled=\u00bb0&#8243; text_font_size_last_edited=\u00bbon|phone\u00bb text_font_size_phone=\u00bb35px\u00bb]<p style=\"text-align: center;\">Sobre Nosotros\n<\/p>[\/et_pb_text][et_pb_text _builder_version=\u00bb4.5.1&#8243; _module_preset=\u00bbdefault\u00bb text_font=\u00bbFlexo Regular||||||||\u00bb text_text_color=\u00bb#343e47&#8243; text_font_size=\u00bb19px\u00bb text_line_height=\u00bb27px\u00bb header_text_color=\u00bb#343e47&#8243; text_orientation=\u00bbcenter\u00bb]<p>Maytronics es el l\u00edder mundial en limpiafondos autom\u00e1ticos de piscinas,\u00a0siendo la empresa insignia e impulsando la innovaci\u00f3n y desarrollo del sector. Nuestra misi\u00f3n es que los propietarios disfruten de sus piscinas, brindando soluciones que faciliten su limpieza. Desde hace 30 a\u00f1os nos perfeccionamos continuamente para brindar la mejor experiencia de usuario y servicio. Maytronics es actualmente la \u00fanica compa\u00f1\u00eda que ofrece la gama m\u00e1s amplia de soluciones, ofreciendo un limpiafondos autom\u00e1tico Dolphin para cada tipo de piscina y necesidades del usuario. En Maytronics procuramos crecer con tu experiencia para poder ofrecer un servicio especializado a todos los que elijan ser parte de nuestra familia.<\/p>[\/et_pb_text][\/et_pb_column][\/et_pb_row][\/et_pb_section][et_pb_section fb_built=\u00bb1&#8243; bg_img_1=\u00bbhttps:\/\/maytronicsla.com\/site\/wp-content\/uploads\/2021\/01\/political-candidate-25.png\u00bb background_size_1=\u00bbinitial\u00bb background_position_1=\u00bbtop_right\u00bb background_repeat_1=\u00bbno-repeat\u00bb admin_label=\u00bbHeader\u00bb _builder_version=\u00bb4.5.1&#8243; background_color=\u00bb#343e47&#8243; custom_margin=\u00bb||0px|\u00bb custom_padding=\u00bb0px||0px||true\u00bb][et_pb_row column_structure=\u00bb1_2,1_2&#8243; make_equal=\u00bbon\u00bb padding_top_bottom_link_2=\u00bbtrue\u00bb padding_left_right_link_2=\u00bbfalse\u00bb _builder_version=\u00bb4.5.1&#8243; width=\u00bb100%\u00bb max_width=\u00bb100%\u00bb custom_padding=\u00bb0px||0px||true\u00bb use_custom_width=\u00bbon\u00bb width_unit=\u00bboff\u00bb custom_width_percent=\u00bb100%\u00bb][et_pb_column type=\u00bb1_2&#8243; _builder_version=\u00bb4.5.1&#8243; background_color=\u00bb#343e47&#8243; background_size=\u00bbinitial\u00bb background_position=\u00bbtop_right\u00bb custom_padding=\u00bb6vw||6vw|10%|false|false\u00bb custom_padding_tablet=\u00bb|10%||10%||true\u00bb custom_padding_phone=\u00bb|||\u00bb custom_padding_last_edited=\u00bbon|desktop\u00bb padding_phone=\u00bb|||\u00bb padding_tablet=\u00bb|10%||10%||true\u00bb padding_last_edited=\u00bbon|desktop\u00bb custom_padding__hover=\u00bb|||\u00bb][et_pb_text _builder_version=\u00bb4.5.1&#8243; _module_preset=\u00bbdefault\u00bb text_font=\u00bbFlexo Bold||||||||\u00bb text_text_color=\u00bb#58c8df\u00bb text_font_size=\u00bb49px\u00bb text_line_height=\u00bb1.2em\u00bb hover_enabled=\u00bb0&#8243; text_font_size_last_edited=\u00bbon|phone\u00bb text_font_size_phone=\u00bb35px\u00bb]<p>Distribuidores\n<\/p>[\/et_pb_text][et_pb_text _builder_version=\u00bb4.5.1&#8243; _module_preset=\u00bbdefault\u00bb text_font=\u00bbFlexo Regular||||||||\u00bb text_text_color=\u00bb#ffffff\u00bb text_font_size=\u00bb19px\u00bb text_line_height=\u00bb27px\u00bb]<p>Tenemos presencia en todo el mundo, asi podemos brindarle la mejor experiencia a cada uno de nuestros clientes. Con la mezcla unica de nuestra\u00a0 experiencia incomparable y las m\u00e1s novedosas tecnolog\u00edas, Maytronics es la \u00fanica compa\u00f1\u00eda con la capacidad para poder personalizar los limpiafondos autom\u00e1ticos de piscinas y que sean adecuados para las distintas necesidades. Siendo impulsados por valores orientados a la familia, Maytronics ha construido excelentes relaciones con cada uno de sus distribuidores para garantizar seguridad y la mejor experiencia del usuario final.<\/p>[\/et_pb_text][\/et_pb_column][et_pb_column type=\u00bb1_2&#8243; _builder_version=\u00bb4.5.1&#8243; background_image=\u00bbhttps:\/\/maytronicsla.com\/site\/wp-content\/uploads\/2021\/01\/mapa-maytronics-latinoamerica.png\u00bb background_size=\u00bbcontain\u00bb custom_padding=\u00bb|||\u00bb custom_padding__hover=\u00bb|||\u00bb][et_pb_image _builder_version=\u00bb3.23&#8243; always_center_on_mobile=\u00bboff\u00bb][\/et_pb_image][et_pb_divider show_divider=\u00bboff\u00bb _builder_version=\u00bb3.14&#8243; height=\u00bb200px\u00bb][\/et_pb_divider][\/et_pb_column][\/et_pb_row][\/et_pb_section][et_pb_section fb_built=\u00bb1&#8243; _builder_version=\u00bb4.5.1&#8243; _module_preset=\u00bbd31b6949-027a-4602-a7d6-894d1e7fc6e6&#8243; custom_padding=\u00bb0px||0px||false|false\u00bb global_module=\u00bb1571&#8243; saved_tabs=\u00bball\u00bb][et_pb_row _builder_version=\u00bb4.5.1&#8243; _module_preset=\u00bbdefault\u00bb][et_pb_column type=\u00bb4_4&#8243; _builder_version=\u00bb4.5.1&#8243; _module_preset=\u00bbdefault\u00bb][et_pb_text _builder_version=\u00bb4.5.1&#8243; _module_preset=\u00bbdefault\u00bb text_font=\u00bbFlexo Bold||||||||\u00bb text_text_color=\u00bb#353E47&#8243; text_font_size=\u00bb30px\u00bb header_font=\u00bbFlexo Bold||||||||\u00bb custom_margin=\u00bb||20px||false|false\u00bb hover_enabled=\u00bb0&#8243;]<p style=\"text-align: center;\">Premios y Reconocimientos<\/p>[\/et_pb_text][\/et_pb_column][\/et_pb_row][et_pb_row column_structure=\u00bb1_6,1_6,1_6,1_6,1_6,1_6&#8243; _builder_version=\u00bb4.5.1&#8243; _module_preset=\u00bbdefault\u00bb module_alignment=\u00bbcenter\u00bb hover_enabled=\u00bb0&#8243; module_alignment_tablet=\u00bb\u00bb module_alignment_phone=\u00bbcenter\u00bb module_alignment_last_edited=\u00bbon|phone\u00bb][et_pb_column type=\u00bb1_6&#8243; _builder_version=\u00bb4.5.1&#8243; _module_preset=\u00bbdefault\u00bb][et_pb_image src=\u00bbhttps:\/\/maytronicsla.com\/site\/wp-content\/uploads\/2020\/12\/1.png\u00bb title_text=\u00bb1&#8243; _builder_version=\u00bb4.5.1&#8243; _module_preset=\u00bbdefault\u00bb hover_enabled=\u00bb0&#8243; align=\u00bbcenter\u00bb][\/et_pb_image][\/et_pb_column][et_pb_column type=\u00bb1_6&#8243; _builder_version=\u00bb4.5.1&#8243; _module_preset=\u00bbdefault\u00bb][et_pb_image src=\u00bbhttps:\/\/maytronicsla.com\/site\/wp-content\/uploads\/2020\/12\/2.png\u00bb title_text=\u00bb2&#8243; _builder_version=\u00bb4.5.1&#8243; _module_preset=\u00bbdefault\u00bb hover_enabled=\u00bb0&#8243; align=\u00bbcenter\u00bb][\/et_pb_image][\/et_pb_column][et_pb_column type=\u00bb1_6&#8243; _builder_version=\u00bb4.5.1&#8243; _module_preset=\u00bbdefault\u00bb][et_pb_image src=\u00bbhttps:\/\/maytronicsla.com\/site\/wp-content\/uploads\/2020\/12\/3.png\u00bb title_text=\u00bb3&#8243; _builder_version=\u00bb4.5.1&#8243; _module_preset=\u00bbdefault\u00bb hover_enabled=\u00bb0&#8243; align=\u00bbcenter\u00bb][\/et_pb_image][\/et_pb_column][et_pb_column type=\u00bb1_6&#8243; _builder_version=\u00bb4.5.1&#8243; _module_preset=\u00bbdefault\u00bb][et_pb_image src=\u00bbhttps:\/\/maytronicsla.com\/site\/wp-content\/uploads\/2020\/12\/4.png\u00bb title_text=\u00bb4&#8243; _builder_version=\u00bb4.5.1&#8243; _module_preset=\u00bbdefault\u00bb hover_enabled=\u00bb0&#8243; align=\u00bbcenter\u00bb][\/et_pb_image][\/et_pb_column][et_pb_column type=\u00bb1_6&#8243; _builder_version=\u00bb4.5.1&#8243; _module_preset=\u00bbdefault\u00bb][et_pb_image src=\u00bbhttps:\/\/maytronicsla.com\/site\/wp-content\/uploads\/2020\/12\/5.png\u00bb title_text=\u00bb5&#8243; _builder_version=\u00bb4.5.1&#8243; _module_preset=\u00bbdefault\u00bb hover_enabled=\u00bb0&#8243; align=\u00bbcenter\u00bb][\/et_pb_image][\/et_pb_column][et_pb_column type=\u00bb1_6&#8243; _builder_version=\u00bb4.5.1&#8243; _module_preset=\u00bbdefault\u00bb][et_pb_image src=\u00bbhttps:\/\/maytronicsla.com\/site\/wp-content\/uploads\/2020\/12\/6.png\u00bb title_text=\u00bb6&#8243; _builder_version=\u00bb4.5.1&#8243; _module_preset=\u00bbdefault\u00bb hover_enabled=\u00bb0&#8243; align=\u00bbcenter\u00bb][\/et_pb_image][\/et_pb_column][\/et_pb_row][\/et_pb_section][et_pb_section fb_built=\u00bb1&#8243; _builder_version=\u00bb4.5.1&#8243; _module_preset=\u00bbdefault\u00bb background_color=\u00bb#58c8df\u00bb background_enable_image=\u00bboff\u00bb][et_pb_row _builder_version=\u00bb4.5.1&#8243; _module_preset=\u00bbdefault\u00bb][et_pb_column type=\u00bb4_4&#8243; _builder_version=\u00bb4.5.1&#8243; _module_preset=\u00bbdefault\u00bb][et_pb_text _builder_version=\u00bb4.5.1&#8243; _module_preset=\u00bbdefault\u00bb text_font=\u00bbFlexo Bold||||||||\u00bb text_text_color=\u00bb#353E47&#8243; text_font_size=\u00bb30px\u00bb header_font=\u00bbFlexo Bold||||||||\u00bb]<p style=\"text-align: center;\">\u00bfPor qu\u00e9 Maytronics?<\/p>[\/et_pb_text][\/et_pb_column][\/et_pb_row][et_pb_row column_structure=\u00bb1_4,1_4,1_4,1_4&#8243; _builder_version=\u00bb4.5.1&#8243; _module_preset=\u00bbdefault\u00bb][et_pb_column type=\u00bb1_4&#8243; _builder_version=\u00bb4.5.1&#8243; _module_preset=\u00bbdefault\u00bb][et_pb_image src=\u00bbhttps:\/\/maytronicsla.com\/site\/wp-content\/uploads\/2020\/12\/innovation_icon.png\u00bb title_text=\u00bbinnovation_icon\u00bb align=\u00bbcenter\u00bb _builder_version=\u00bb4.5.1&#8243; _module_preset=\u00bbdefault\u00bb][\/et_pb_image][et_pb_text _builder_version=\u00bb4.5.1&#8243; _module_preset=\u00bbdefault\u00bb text_text_color=\u00bb#353e47&#8243;]<p style=\"text-align: center;\"><strong>INNOVACI\u00d3N<\/strong><br \/><span>Siempre estamos en la vanguardia, dando un avance tecnol\u00f3gico en cada modelo.<\/span><\/p>[\/et_pb_text][\/et_pb_column][et_pb_column type=\u00bb1_4&#8243; _builder_version=\u00bb4.5.1&#8243; _module_preset=\u00bbdefault\u00bb][et_pb_image src=\u00bbhttps:\/\/maytronicsla.com\/site\/wp-content\/uploads\/2020\/12\/compatibility_icon.png\u00bb title_text=\u00bbcompatibility_icon\u00bb align=\u00bbcenter\u00bb _builder_version=\u00bb4.5.1&#8243; _module_preset=\u00bbdefault\u00bb][\/et_pb_image][et_pb_text _builder_version=\u00bb4.5.1&#8243; _module_preset=\u00bbdefault\u00bb text_text_color=\u00bb#353e47&#8243;]<p style=\"text-align: center;\"><strong>COMPATIBILIDAD<\/strong><br \/><span>Damos respaldo a todas las clases y dimensiones de piscinas. Disfruta de una limpieza incomparable.<\/span><\/p>[\/et_pb_text][\/et_pb_column][et_pb_column type=\u00bb1_4&#8243; _builder_version=\u00bb4.5.1&#8243; _module_preset=\u00bbdefault\u00bb][et_pb_image src=\u00bbhttps:\/\/maytronicsla.com\/site\/wp-content\/uploads\/2020\/12\/industry_icon.png\u00bb title_text=\u00bbindustry_icon\u00bb align=\u00bbcenter\u00bb _builder_version=\u00bb4.5.1&#8243; _module_preset=\u00bbdefault\u00bb][\/et_pb_image][et_pb_text _builder_version=\u00bb4.5.1&#8243; _module_preset=\u00bbdefault\u00bb text_text_color=\u00bb#353e47&#8243;]<p style=\"text-align: center;\"><strong>PIONEROS EN EL SECTOR<\/strong><br \/><span>La experiencia de millones de familias en un solo producto.<\/span><\/p>[\/et_pb_text][\/et_pb_column][et_pb_column type=\u00bb1_4&#8243; _builder_version=\u00bb4.5.1&#8243; _module_preset=\u00bbdefault\u00bb][et_pb_image src=\u00bbhttps:\/\/maytronicsla.com\/site\/wp-content\/uploads\/2020\/12\/expert_support.png\u00bb title_text=\u00bbexpert_support\u00bb align=\u00bbcenter\u00bb _builder_version=\u00bb4.5.1&#8243; _module_preset=\u00bbdefault\u00bb][\/et_pb_image][et_pb_text _builder_version=\u00bb4.5.1&#8243; _module_preset=\u00bbdefault\u00bb text_text_color=\u00bb#353e47&#8243;]<p style=\"text-align: center;\"><strong>POST VENTA PREMIUM<\/strong><br \/><span>El m\u00e1s eficiente y dedicado soporte post venta que puedes encontrar.<\/span><\/p>[\/et_pb_text][\/et_pb_column][\/et_pb_row][\/et_pb_section]\n","protected":false},"excerpt":{"rendered":"<p>Sobre Nosotros Maytronics es el l\u00edder mundial en limpiafondos autom\u00e1ticos de piscinas,\u00a0siendo la empresa insignia e impulsando la innovaci\u00f3n y desarrollo del sector. Nuestra misi\u00f3n es que los propietarios disfruten de sus piscinas, brindando soluciones que faciliten su limpieza. Desde hace 30 a\u00f1os nos perfeccionamos continuamente para brindar la mejor experiencia de usuario y servicio. [&hellip;]<\/p>\n","protected":false},"author":1,"featured_media":0,"parent":0,"menu_order":0,"comment_status":"closed","ping_status":"closed","template":"","meta":{"_et_pb_use_builder":"on","_et_pb_old_content":"","_et_gb_content_width":"","footnotes":""},"class_list":["post-1045","page","type-page","status-publish","hentry"],"yoast_head":"<!-- This site is optimized with the Yoast SEO plugin v19.9 - https:\/\/yoast.com\/wordpress\/plugins\/seo\/ -->\n<title>Equipo - Maytronics<\/title>\n<meta name=\"robots\" content=\"noindex, nofollow\" \/>\n<meta property=\"og:locale\" content=\"es_ES\" \/>\n<meta property=\"og:type\" content=\"article\" \/>\n<meta property=\"og:title\" content=\"Equipo - Maytronics\" \/>\n<meta property=\"og:description\" content=\"Sobre Nosotros Maytronics es el l\u00edder mundial en limpiafondos autom\u00e1ticos de piscinas,\u00a0siendo la empresa insignia e impulsando la innovaci\u00f3n y desarrollo del sector. Nuestra misi\u00f3n es que los propietarios disfruten de sus piscinas, brindando soluciones que faciliten su limpieza. Desde hace 30 a\u00f1os nos perfeccionamos continuamente para brindar la mejor experiencia de usuario y servicio. [&hellip;]\" \/>\n<meta property=\"og:url\" content=\"https:\/\/maytronicsla.com\/site\/equipo\/\" \/>\n<meta property=\"og:site_name\" content=\"Maytronics\" \/>\n<meta property=\"article:modified_time\" content=\"2021-05-19T21:42:39+00:00\" \/>\n<meta name=\"twitter:card\" content=\"summary_large_image\" \/>\n<meta name=\"twitter:label1\" content=\"Tiempo de lectura\" \/>\n\t<meta name=\"twitter:data1\" content=\"7 minutos\" \/>\n<script type=\"application\/ld+json\" class=\"yoast-schema-graph\">{\"@context\":\"https:\/\/schema.org\",\"@graph\":[{\"@type\":\"WebPage\",\"@id\":\"https:\/\/maytronicsla.com\/site\/equipo\/\",\"url\":\"https:\/\/maytronicsla.com\/site\/equipo\/\",\"name\":\"Equipo - Maytronics\",\"isPartOf\":{\"@id\":\"https:\/\/maytronicsla.com\/site\/#website\"},\"datePublished\":\"2021-01-07T02:32:52+00:00\",\"dateModified\":\"2021-05-19T21:42:39+00:00\",\"breadcrumb\":{\"@id\":\"https:\/\/maytronicsla.com\/site\/equipo\/#breadcrumb\"},\"inLanguage\":\"es\",\"potentialAction\":[{\"@type\":\"ReadAction\",\"target\":[\"https:\/\/maytronicsla.com\/site\/equipo\/\"]}]},{\"@type\":\"BreadcrumbList\",\"@id\":\"https:\/\/maytronicsla.com\/site\/equipo\/#breadcrumb\",\"itemListElement\":[{\"@type\":\"ListItem\",\"position\":1,\"name\":\"Portada\",\"item\":\"https:\/\/maytronicsla.com\/site\/\"},{\"@type\":\"ListItem\",\"position\":2,\"name\":\"Equipo\"}]},{\"@type\":\"WebSite\",\"@id\":\"https:\/\/maytronicsla.com\/site\/#website\",\"url\":\"https:\/\/maytronicsla.com\/site\/\",\"name\":\"Maytronics\",\"description\":\"Exceptional Experience\",\"potentialAction\":[{\"@type\":\"SearchAction\",\"target\":{\"@type\":\"EntryPoint\",\"urlTemplate\":\"https:\/\/maytronicsla.com\/site\/?s={search_term_string}\"},\"query-input\":\"required name=search_term_string\"}],\"inLanguage\":\"es\"}]}<\/script>\n<!-- \/ Yoast SEO plugin. -->","yoast_head_json":{"title":"Equipo - Maytronics","robots":{"index":"noindex","follow":"nofollow"},"og_locale":"es_ES","og_type":"article","og_title":"Equipo - Maytronics","og_description":"Sobre Nosotros Maytronics es el l\u00edder mundial en limpiafondos autom\u00e1ticos de piscinas,\u00a0siendo la empresa insignia e impulsando la innovaci\u00f3n y desarrollo del sector. Nuestra misi\u00f3n es que los propietarios disfruten de sus piscinas, brindando soluciones que faciliten su limpieza. Desde hace 30 a\u00f1os nos perfeccionamos continuamente para brindar la mejor experiencia de usuario y servicio. [&hellip;]","og_url":"https:\/\/maytronicsla.com\/site\/equipo\/","og_site_name":"Maytronics","article_modified_time":"2021-05-19T21:42:39+00:00","twitter_card":"summary_large_image","twitter_misc":{"Tiempo de lectura":"7 minutos"},"schema":{"@context":"https:\/\/schema.org","@graph":[{"@type":"WebPage","@id":"https:\/\/maytronicsla.com\/site\/equipo\/","url":"https:\/\/maytronicsla.com\/site\/equipo\/","name":"Equipo - Maytronics","isPartOf":{"@id":"https:\/\/maytronicsla.com\/site\/#website"},"datePublished":"2021-01-07T02:32:52+00:00","dateModified":"2021-05-19T21:42:39+00:00","breadcrumb":{"@id":"https:\/\/maytronicsla.com\/site\/equipo\/#breadcrumb"},"inLanguage":"es","potentialAction":[{"@type":"ReadAction","target":["https:\/\/maytronicsla.com\/site\/equipo\/"]}]},{"@type":"BreadcrumbList","@id":"https:\/\/maytronicsla.com\/site\/equipo\/#breadcrumb","itemListElement":[{"@type":"ListItem","position":1,"name":"Portada","item":"https:\/\/maytronicsla.com\/site\/"},{"@type":"ListItem","position":2,"name":"Equipo"}]},{"@type":"WebSite","@id":"https:\/\/maytronicsla.com\/site\/#website","url":"https:\/\/maytronicsla.com\/site\/","name":"Maytronics","description":"Exceptional Experience","potentialAction":[{"@type":"SearchAction","target":{"@type":"EntryPoint","urlTemplate":"https:\/\/maytronicsla.com\/site\/?s={search_term_string}"},"query-input":"required name=search_term_string"}],"inLanguage":"es"}]}},"_links":{"self":[{"href":"https:\/\/maytronicsla.com\/site\/wp-json\/wp\/v2\/pages\/1045","targetHints":{"allow":["GET"]}}],"collection":[{"href":"https:\/\/maytronicsla.com\/site\/wp-json\/wp\/v2\/pages"}],"about":[{"href":"https:\/\/maytronicsla.com\/site\/wp-json\/wp\/v2\/types\/page"}],"author":[{"embeddable":true,"href":"https:\/\/maytronicsla.com\/site\/wp-json\/wp\/v2\/users\/1"}],"replies":[{"embeddable":true,"href":"https:\/\/maytronicsla.com\/site\/wp-json\/wp\/v2\/comments?post=1045"}],"version-history":[{"count":12,"href":"https:\/\/maytronicsla.com\/site\/wp-json\/wp\/v2\/pages\/1045\/revisions"}],"predecessor-version":[{"id":1680,"href":"https:\/\/maytronicsla.com\/site\/wp-json\/wp\/v2\/pages\/1045\/revisions\/1680"}],"wp:attachment":[{"href":"https:\/\/maytronicsla.com\/site\/wp-json\/wp\/v2\/media?parent=1045"}],"curies":[{"name":"wp","href":"https:\/\/api.w.org\/{rel}","templated":true}]}}