{"id":1596,"date":"2021-03-26T11:45:21","date_gmt":"2021-03-26T11:45:21","guid":{"rendered":"https:\/\/maytronicsla.com\/site\/?page_id=1596"},"modified":"2021-03-26T11:56:57","modified_gmt":"2021-03-26T11:56:57","slug":"trademark-attributions","status":"publish","type":"page","link":"https:\/\/maytronicsla.com\/site\/trademark-attributions\/","title":{"rendered":"trademark attributions"},"content":{"rendered":"<p>[et_pb_section fb_built=\u00bb1&#8243; _builder_version=\u00bb4.5.1&#8243; _module_preset=\u00bbdefault\u00bb][et_pb_row _builder_version=\u00bb4.5.1&#8243; _module_preset=\u00bbdefault\u00bb][et_pb_column _builder_version=\u00bb4.5.1&#8243; _module_preset=\u00bbdefault\u00bb type=\u00bb4_4&#8243;][et_pb_text _builder_version=\u00bb4.5.1&#8243; _module_preset=\u00bbdefault\u00bb hover_enabled=\u00bb0&#8243;]<\/p>\n<div>\n<h1>Trademark Attributions<\/h1>\n<\/div>\n<p>[\/et_pb_text][et_pb_text _builder_version=\u00bb4.5.1&#8243; _module_preset=\u00bbdefault\u00bb hover_enabled=\u00bb0&#8243;]<\/p>\n<p>La marca denominativa y los logotipos de Bluetooth\u00ae son marcas comerciales registradas propiedad de Bluetooth SIG, Inc. y cualquier uso de dichas marcas por parte de Maytronics.Ltd se realiza bajo licencia. Otras marcas y nombres comerciales pertenecen a sus respectivos propietarios.<\/p>\n<p>[\/et_pb_text][et_pb_text _builder_version=\u00bb4.5.1&#8243; _module_preset=\u00bbdefault\u00bb hover_enabled=\u00bb0&#8243;]<\/p>\n<p>Google \u2122, Google Play \u2122 y sus logotipos son marcas comerciales de Google, Inc. en EE. UU. Y \/ o en otros pa\u00edses.<\/p>\n<p>[\/et_pb_text][et_pb_text _builder_version=\u00bb4.5.1&#8243; _module_preset=\u00bbdefault\u00bb hover_enabled=\u00bb0&#8243;]<\/p>\n<p>App Store\u00ae y su logotipo son marcas comerciales registradas de Apple Inc. en los Estados Unidos y otros pa\u00edses.<\/p>\n<p>[\/et_pb_text][et_pb_text _builder_version=\u00bb4.5.1&#8243; _module_preset=\u00bbdefault\u00bb hover_enabled=\u00bb0&#8243;]<\/p>\n<p>En caso de que falte alguna atribuci\u00f3n de marca comercial, est\u00e9 equivocada o sea err\u00f3nea, comun\u00edquese con\u00a0<a href=\"mailto:brand.manager@maytronics.com\">brand.manager@maytronics.com<\/a> lo antes posible para su rectificaci\u00f3n.\u00a0<\/p>\n<p>[\/et_pb_text][\/et_pb_column][\/et_pb_row][\/et_pb_section]<\/p>\n","protected":false},"excerpt":{"rendered":"<p>Trademark Attributions La marca denominativa y los logotipos de Bluetooth\u00ae son marcas comerciales registradas propiedad de Bluetooth SIG, Inc. y cualquier uso de dichas marcas por parte de Maytronics.Ltd se realiza bajo licencia. Otras marcas y nombres comerciales pertenecen a sus respectivos propietarios. Google \u2122, Google Play \u2122 y sus logotipos son marcas comerciales de [&hellip;]<\/p>\n","protected":false},"author":1,"featured_media":0,"parent":0,"menu_order":0,"comment_status":"closed","ping_status":"closed","template":"","meta":{"_et_pb_use_builder":"on","_et_pb_old_content":"","_et_gb_content_width":"","footnotes":""},"class_list":["post-1596","page","type-page","status-publish","hentry"],"yoast_head":"<!-- This site is optimized with the Yoast SEO plugin v19.9 - https:\/\/yoast.com\/wordpress\/plugins\/seo\/ -->\n<title>trademark attributions - Maytronics<\/title>\n<meta name=\"robots\" content=\"index, follow, max-snippet:-1, max-image-preview:large, max-video-preview:-1\" \/>\n<link rel=\"canonical\" href=\"https:\/\/maytronicsla.com\/site\/trademark-attributions\/\" \/>\n<meta property=\"og:locale\" content=\"es_ES\" \/>\n<meta property=\"og:type\" content=\"article\" \/>\n<meta property=\"og:title\" content=\"trademark attributions - Maytronics\" \/>\n<meta property=\"og:description\" content=\"Trademark Attributions La marca denominativa y los logotipos de Bluetooth\u00ae son marcas comerciales registradas propiedad de Bluetooth SIG, Inc. y cualquier uso de dichas marcas por parte de Maytronics.Ltd se realiza bajo licencia. Otras marcas y nombres comerciales pertenecen a sus respectivos propietarios. Google \u2122, Google Play \u2122 y sus logotipos son marcas comerciales de [&hellip;]\" \/>\n<meta property=\"og:url\" content=\"https:\/\/maytronicsla.com\/site\/trademark-attributions\/\" \/>\n<meta property=\"og:site_name\" content=\"Maytronics\" \/>\n<meta property=\"article:modified_time\" content=\"2021-03-26T11:56:57+00:00\" \/>\n<meta name=\"twitter:card\" content=\"summary_large_image\" \/>\n<meta name=\"twitter:label1\" content=\"Tiempo de lectura\" \/>\n\t<meta name=\"twitter:data1\" content=\"1 minuto\" \/>\n<script type=\"application\/ld+json\" class=\"yoast-schema-graph\">{\"@context\":\"https:\/\/schema.org\",\"@graph\":[{\"@type\":\"WebPage\",\"@id\":\"https:\/\/maytronicsla.com\/site\/trademark-attributions\/\",\"url\":\"https:\/\/maytronicsla.com\/site\/trademark-attributions\/\",\"name\":\"trademark attributions - Maytronics\",\"isPartOf\":{\"@id\":\"https:\/\/maytronicsla.com\/site\/#website\"},\"datePublished\":\"2021-03-26T11:45:21+00:00\",\"dateModified\":\"2021-03-26T11:56:57+00:00\",\"breadcrumb\":{\"@id\":\"https:\/\/maytronicsla.com\/site\/trademark-attributions\/#breadcrumb\"},\"inLanguage\":\"es\",\"potentialAction\":[{\"@type\":\"ReadAction\",\"target\":[\"https:\/\/maytronicsla.com\/site\/trademark-attributions\/\"]}]},{\"@type\":\"BreadcrumbList\",\"@id\":\"https:\/\/maytronicsla.com\/site\/trademark-attributions\/#breadcrumb\",\"itemListElement\":[{\"@type\":\"ListItem\",\"position\":1,\"name\":\"Portada\",\"item\":\"https:\/\/maytronicsla.com\/site\/\"},{\"@type\":\"ListItem\",\"position\":2,\"name\":\"trademark attributions\"}]},{\"@type\":\"WebSite\",\"@id\":\"https:\/\/maytronicsla.com\/site\/#website\",\"url\":\"https:\/\/maytronicsla.com\/site\/\",\"name\":\"Maytronics\",\"description\":\"Exceptional Experience\",\"potentialAction\":[{\"@type\":\"SearchAction\",\"target\":{\"@type\":\"EntryPoint\",\"urlTemplate\":\"https:\/\/maytronicsla.com\/site\/?s={search_term_string}\"},\"query-input\":\"required name=search_term_string\"}],\"inLanguage\":\"es\"}]}<\/script>\n<!-- \/ Yoast SEO plugin. -->","yoast_head_json":{"title":"trademark attributions - Maytronics","robots":{"index":"index","follow":"follow","max-snippet":"max-snippet:-1","max-image-preview":"max-image-preview:large","max-video-preview":"max-video-preview:-1"},"canonical":"https:\/\/maytronicsla.com\/site\/trademark-attributions\/","og_locale":"es_ES","og_type":"article","og_title":"trademark attributions - Maytronics","og_description":"Trademark Attributions La marca denominativa y los logotipos de Bluetooth\u00ae son marcas comerciales registradas propiedad de Bluetooth SIG, Inc. y cualquier uso de dichas marcas por parte de Maytronics.Ltd se realiza bajo licencia. Otras marcas y nombres comerciales pertenecen a sus respectivos propietarios. Google \u2122, Google Play \u2122 y sus logotipos son marcas comerciales de [&hellip;]","og_url":"https:\/\/maytronicsla.com\/site\/trademark-attributions\/","og_site_name":"Maytronics","article_modified_time":"2021-03-26T11:56:57+00:00","twitter_card":"summary_large_image","twitter_misc":{"Tiempo de lectura":"1 minuto"},"schema":{"@context":"https:\/\/schema.org","@graph":[{"@type":"WebPage","@id":"https:\/\/maytronicsla.com\/site\/trademark-attributions\/","url":"https:\/\/maytronicsla.com\/site\/trademark-attributions\/","name":"trademark attributions - Maytronics","isPartOf":{"@id":"https:\/\/maytronicsla.com\/site\/#website"},"datePublished":"2021-03-26T11:45:21+00:00","dateModified":"2021-03-26T11:56:57+00:00","breadcrumb":{"@id":"https:\/\/maytronicsla.com\/site\/trademark-attributions\/#breadcrumb"},"inLanguage":"es","potentialAction":[{"@type":"ReadAction","target":["https:\/\/maytronicsla.com\/site\/trademark-attributions\/"]}]},{"@type":"BreadcrumbList","@id":"https:\/\/maytronicsla.com\/site\/trademark-attributions\/#breadcrumb","itemListElement":[{"@type":"ListItem","position":1,"name":"Portada","item":"https:\/\/maytronicsla.com\/site\/"},{"@type":"ListItem","position":2,"name":"trademark attributions"}]},{"@type":"WebSite","@id":"https:\/\/maytronicsla.com\/site\/#website","url":"https:\/\/maytronicsla.com\/site\/","name":"Maytronics","description":"Exceptional Experience","potentialAction":[{"@type":"SearchAction","target":{"@type":"EntryPoint","urlTemplate":"https:\/\/maytronicsla.com\/site\/?s={search_term_string}"},"query-input":"required name=search_term_string"}],"inLanguage":"es"}]}},"_links":{"self":[{"href":"https:\/\/maytronicsla.com\/site\/wp-json\/wp\/v2\/pages\/1596","targetHints":{"allow":["GET"]}}],"collection":[{"href":"https:\/\/maytronicsla.com\/site\/wp-json\/wp\/v2\/pages"}],"about":[{"href":"https:\/\/maytronicsla.com\/site\/wp-json\/wp\/v2\/types\/page"}],"author":[{"embeddable":true,"href":"https:\/\/maytronicsla.com\/site\/wp-json\/wp\/v2\/users\/1"}],"replies":[{"embeddable":true,"href":"https:\/\/maytronicsla.com\/site\/wp-json\/wp\/v2\/comments?post=1596"}],"version-history":[{"count":3,"href":"https:\/\/maytronicsla.com\/site\/wp-json\/wp\/v2\/pages\/1596\/revisions"}],"predecessor-version":[{"id":1602,"href":"https:\/\/maytronicsla.com\/site\/wp-json\/wp\/v2\/pages\/1596\/revisions\/1602"}],"wp:attachment":[{"href":"https:\/\/maytronicsla.com\/site\/wp-json\/wp\/v2\/media?parent=1596"}],"curies":[{"name":"wp","href":"https:\/\/api.w.org\/{rel}","templated":true}]}}