{"id":3076,"date":"2022-08-17T02:05:55","date_gmt":"2022-08-17T02:05:55","guid":{"rendered":"https:\/\/maytronicsla.com\/site\/?page_id=3076"},"modified":"2022-08-17T02:07:42","modified_gmt":"2022-08-17T02:07:42","slug":"politica-de-cookies-de-maytronics","status":"publish","type":"page","link":"https:\/\/maytronicsla.com\/site\/politica-de-cookies-de-maytronics\/","title":{"rendered":"POL\u00cdTICA DE COOKIES DE MAYTRONICS"},"content":{"rendered":"\n<p><strong><u>Informaci\u00f3n sobre c\u00f3mo utilizamos las cookies<\/u><\/strong><strong><u><\/u><\/strong><\/p>\n\n\n\n<p>Bienvenido a <a href=\"https:\/\/www.maytronicsla.com\/\">https:\/\/www.maytronicsla.com\/<\/a> (el \u00ab<strong>Sitio<\/strong>\u00ab). Nuestro Sitio utiliza cookies para diferenciarle del resto de usuarios. Ello nos ayuda a ofrecerle la mejor experiencia posible cuando navega por nuestro Sitio, as\u00ed como a mejorarlo.<\/p>\n\n\n\n<p><strong>Si sigue navegando por el Sitio estar\u00e1 aceptando el uso que damos a las cookies. <\/strong><strong><\/strong><\/p>\n\n\n\n<p>Una cookie es un peque\u00f1o archivo de letras y n\u00fameros que almacenamos en el navegador o en el disco duro de su ordenador o dispositivo para permitir que un sitio web le reconozca como usuario cuando vuelva a visitarlo, durante el tiempo de su visita (utilizando una \u00ab<strong>cookie de sesi\u00f3n<\/strong>\u00ab) o en caso de visitas frecuentes (una \u00ab<strong>cookie permanente<\/strong>\u00ab).<\/p>\n\n\n\n<p>Las cookies son una tecnolog\u00eda muy utilizada que sirve para recordar determinados datos o informaciones de las personas que visitan un sitio web. La gran mayor\u00eda de los sitios web las utilizan actualmente y las emplean habitualmente para realizar un gran n\u00famero de tareas.&nbsp;<\/p>\n\n\n\n<p>Nuestro Sitio utiliza las siguientes cookies: <strong><\/strong><\/p>\n\n\n\n<p>[<strong><em>Cookies estrictamente necesarias.<\/em><\/strong> Son las cookies necesarias para el funcionamiento de nuestro Sitio. Son cookies que, por ejemplo, le permiten iniciar sesi\u00f3n en \u00e1reas seguras de nuestro Sitio.]<\/p>\n\n\n\n<p><strong><em>[Cookies anal\u00edticas \/ cookies de rendimiento. <\/em><\/strong>Este tipo de cookies nos permiten reconocer y contabilizar el n\u00famero de personas que visitan nuestro Sitio y saber c\u00f3mo se mueven por \u00e9l cuando lo utilizan. Esta informaci\u00f3n nos ayuda a mejorar el funcionamiento de nuestro Sitio, por ejemplo, consiguiendo que los usuarios encuentren m\u00e1s f\u00e1cilmente lo que est\u00e1n buscando.]<\/p>\n\n\n\n<p>[<strong><em>Cookies de funcionalidad.<\/em><\/strong> Estas cookies se utilizan para reconocerle cada vez que visita de nuevo nuestro Sitio. Esto nos permite personalizar su contenido, saludarle por su nombre y recordar sus preferencias (recordando, por ejemplo, sus preferencias de idioma o pa\u00eds\/regi\u00f3n)]<\/p>\n\n\n\n<p>[<strong><em>Cookies de focalizaci\u00f3n.<\/em><\/strong> Estas cookies registran su visita a nuestro Sitio, las p\u00e1ginas que ha visitado y los enlaces que ha seguido. Utilizaremos esta informaci\u00f3n para hacer que nuestro Sitio y su publicidad se corresponda m\u00e1s con sus intereses, pudiendo tambi\u00e9n intercambiar esta informaci\u00f3n con terceros con el mismo fin]<\/p>\n\n\n\n<p>En la siguiente tabla podr\u00e1 encontrar m\u00e1s informaci\u00f3n sobre las cookies individuales que utilizamos y sobre el uso que les damos:<\/p>\n\n\n\n<p><\/p>\n\n\n\n<figure class=\"wp-block-table\"><table><tbody><tr><td>Nombre<\/td><td>Valor<\/td><td>Dominio<\/td><td>Caducidad<\/td><td>tipo<\/td><td>M\u00e1s informaci\u00f3n<\/td><\/tr><tr><td>674f86ad4305a3ccb4579e<\/td><td>kfqe1u96c0rgoq59efrj6tab67<\/td><td><a href=\"http:\/\/www.maytronics.com\" target=\"_blank\" rel=\"noreferrer noopener\">www.maytronics.com<\/a><\/td><td>1969-12-31T23:59:59.000Z<\/td><td>cookies de seguimiento<\/td><td>Cookie DSID de premonici\u00f3n<\/td><\/tr><tr><td>_ga<\/td><td>GA1.2.446593855.1547029205<\/td><td>.<a href=\"http:\/\/maytronics.com\">maytronics.com<\/a><\/td><td>2021-01-08T10:25:12.000Z<\/td><td>cookies de seguimiento<\/td><td>Nombre de la cookie de Google para los resultados de b\u00fasqueda<\/td><\/tr><tr><td>_gat_UA-80430142-5<\/td><td>1<\/td><td>.<a href=\"http:\/\/maytronics.com\">maytronics.com<\/a><\/td><td>2019-01-09T10:25:55.000Z<\/td><td>cookies de seguimiento<\/td><td>Nombre de la cookie de Google para los resultados de b\u00fasqueda<\/td><\/tr><tr><td>_gat_gtag_UA_80430142_5<\/td><td>1<\/td><td>.<a href=\"http:\/\/maytronics.com\">maytronics.com<\/a><\/td><td>2019-01-09T10:25:55.000Z<\/td><td>cookies de seguimiento<\/td><td>La etiqueta global de sitio web (gtag.js) es una API y un sistema de etiquetado de JavaScript que le permite enviar datos de eventos a Google Analytics<\/td><\/tr><tr><td>_gid<\/td><td>GA1.2.919867625.1547029205<\/td><td>.<a href=\"http:\/\/maytronics.com\">maytronics.com<\/a><\/td><td>2019-01-10T10:25:12.000Z<\/td><td>cookies de seguimiento<\/td><td>Las cookies _ga y _gid se utilizan para distinguir a los usuarios \u00fanicos, Google Analytics se implementa a trav\u00e9s de Google Tag Manager.<\/td><\/tr><tr><td>_hjIncludedInSample<\/td><td>1<\/td><td><a href=\"http:\/\/www.maytronics.com\" target=\"_blank\" rel=\"noreferrer noopener\">www.maytronics.com<\/a><\/td><td>1969-12-31T23:59:59.000Z<\/td><td>cookies de seguimiento<\/td><td>_hjIncludedInSample. Esta cookie est\u00e1 configurada para permitir que Hotjar conozca si el visitante est\u00e1 incluido en la muestra que se utiliza para generar Heatmaps,<\/td><\/tr><tr><td>geoip<\/td><td>IL<\/td><td><a href=\"http:\/\/www.maytronics.com\" target=\"_blank\" rel=\"noreferrer noopener\">www.maytronics.com<\/a><\/td><td>2019-07-08T10:25:11.574Z<\/td><td>cookies de seguimiento<\/td><td>Focalizan contenido con Informaci\u00f3n GeoIP<\/td><\/tr><tr><td>IDE<\/td><td>AHWqTUnRZ52gYVmQ4Lxzs bndNUVdb4670PJ6DB8LUuN F_2mkn_gCyTxPjgknvOcv<\/td><td>.<a href=\"http:\/\/doubleclick.net\">doubleclick.net<\/a><\/td><td>2020-07-08T10:25:11.574Z<\/td><td>cookies de seguimiento<\/td><td>Utilizamos diferentes tipos de cookies para el funcionamiento de los productos relacionados con anuncios y de los sitios web de Google.<\/td><\/tr><\/tbody><\/table><\/figure>\n\n\n\n<p><\/p>\n\n\n\n<p><strong><u>C\u00f3mo controlar y eliminar las cookies<\/u><\/strong><\/p>\n\n\n\n<p>Cuando accedi\u00f3 al Sitio, le mostramos un mensaje notific\u00e1ndole que utilizamos cookies. Para mostrarle esta advertencia tuvimos que utilizar una cookie. Si sigue utilizando el Sitio, se instalar\u00e1n m\u00e1s cookies y otras tecnolog\u00edas de seguimiento en su ordenador tal y como se describe en esta Pol\u00edtica de Cookies para poder mejorar su experiencia de usuario mientras se encuentre en el Sitio. Si sigue utilizando el Sitio estar\u00e1 aceptando el uso que damos a las cookies y a las tecnolog\u00edas de seguimiento.<\/p>\n\n\n\n<p>Si desea restringir o bloquear las cookies instaladas por este Sitio, puede hacerlo a trav\u00e9s de la configuraci\u00f3n de su navegador. La funci\u00f3n de \u00abAyuda\u00bb de su navegador deber\u00eda informarle sobre c\u00f3mo hacerlo. Si lo que le interesa principalmente es bloquear las cookies de terceros generadas por anunciantes, puede desactivarlas en el sitio <em>Your Online Choices <\/em><a href=\"https:\/\/www.youronlinechoices.com\/uk\/your-ad-choices\">https:\/\/www.youronlinechoices.com\/uk\/your-ad-choices<\/a>.<\/p>\n\n\n\n<p>Alternativamente, le sugerimos visitar <a href=\"http:\/\/www.allaboutcookies.org\/\">http:\/\/www.allaboutcookies.org\/<\/a> donde podr\u00e1 encontrar amplia informaci\u00f3n sobre c\u00f3mo hacerlo en una amplia variedad de navegadores. Tambi\u00e9n encontrar\u00e1 informaci\u00f3n sobre c\u00f3mo eliminar las cookies de su ordenador, as\u00ed como informaci\u00f3n m\u00e1s general sobre las cookies. Tenga en cuenta que nuestra compa\u00f1\u00eda no es ni titular ni administradora de estos sitios web por lo que no es responsable de sus contenidos.<\/p>\n\n\n\n<p>Tenga en cuenta que la restricci\u00f3n de las cookies podr\u00eda limitar las funciones o servicios que le ofrece el Sitio.<\/p>\n\n\n\n<p><strong><u>Cookies de terceros<\/u><\/strong><strong><u><\/u><\/strong><\/p>\n\n\n\n<p>Tenga en cuenta que otros terceros (incluyendo, a t\u00edtulo meramente enunciativo, redes publicitarias y proveedores de servicios externos como servicios de an\u00e1lisis y tr\u00e1fico web) pueden utilizar tambi\u00e9n cookies sobre las que no tenemos control. Aunque le ofrecemos a continuaci\u00f3n un resumen de las cookies de terceros utilizadas, le recomendamos que compruebe la pol\u00edtica de privacidad correspondiente de cada uno de ellos para informarse m\u00e1s ampliamente sobre c\u00f3mo se utilizan estas cookies.<\/p>\n\n\n\n<p>Las cookies de terceros utilizadas en relaci\u00f3n con este Sitio son, entre otras:<strong><\/strong><\/p>\n\n\n\n<p>[<strong><em>Cookies anal\u00edticas.<\/em><\/strong> Utilizamos cookies para que nos ayuden a recopilar informaci\u00f3n que nos permita analizar el tr\u00e1fico web de nuestro Sitio. La informaci\u00f3n recopilada mediante las cookies, que es an\u00f3nima, se env\u00eda a un tercero que emplea herramientas anal\u00edticas que utilizamos para analizar la informaci\u00f3n recopilada y mejorar el funcionamiento del Sitio]<\/p>\n\n\n\n<p><strong><em>[Cookies\/plugins de redes sociales. <\/em><\/strong>Las p\u00e1ginas del Sitio contienen una serie de funciones de medios sociales que registran sus interacciones con esas funciones con cuentas de varios sitios de redes sociales (por ejemplo, los botones de Facebook y Google+). Para que estas funciones sean operativas, el sitio de la red social instalar\u00e1\/leer\u00e1 cookies a trav\u00e9s de nuestro Sitio para mejorar su perfil en su Sitio o contribuir a los datos que poseen para los distintos objetivos descritos en sus respectivas pol\u00edticas de privacidad.]<\/p>\n\n\n\n<p><strong><em>[Contenido incrustado de terceros.<\/em><\/strong> Parte del contenido de nuestro Sitio es ofrecido por servicios digitales operados por terceros. Cuando usted visita una p\u00e1gina con contenido de uno de estos servicios, el tercero en cuesti\u00f3n puede instalar una cookie. ]<\/p>\n\n\n\n<p>[<strong><em>Cookies de publicidad.<\/em><\/strong> Tambi\u00e9n utilizamos y trabajamos con varios terceros proveedores y colaboradores que instalan cookies en este Sitio para poder ofrecerle publicidad. Si desea obtener m\u00e1s informaci\u00f3n sobre las cookies utilizadas por estas organizaciones o desea acceder a una herramienta para poder desactivarlas, visite el Sitio <em>Your Online Choices<\/em> en <a href=\"https:\/\/www.youronlinechoices.com\/uk\/your-ad-choices\">https:\/\/www.youronlinechoices.com\/uk\/your-ad-choices<\/a> o haga clic en el logo de AdChoices que ver\u00e1 en la esquina de los anuncios que llevan cookies de focalizaci\u00f3n de conductas.]<\/p>\n\n\n\n<p>Para desactivar el uso de cookies de publicidad de terceros, puede visitar la p\u00e1gina del consumidor para gestionar el uso de estos tipos de cookies [incluir el enlace a la soluci\u00f3n de gesti\u00f3n del consentimiento].<\/p>\n\n\n\n<p>Puede bloquear las cookies activando la configuraci\u00f3n de su navegador que le permite rechazar la configuraci\u00f3n de todas o parte de las cookies. Sin embargo, si utiliza la configuraci\u00f3n de su navegador para bloquear todas las cookies (incluyendo las cookies esenciales) no podr\u00e1 acceder a nuestro Sitio o a partes del mismo.<\/p>\n\n\n\n<p><strong><u>[Seguimiento de correo electr\u00f3nico<\/u><\/strong><strong>]<\/strong><strong><u><\/u><\/strong><\/p>\n\n\n\n<p>Algunos de los correos electr\u00f3nicos que le enviamos pueden contener un &#8216;web beacon pixel&#8217; (GIFs claros) o enlaces de seguimiento que nos permiten identificar cu\u00e1ndo ha abierto el correo electr\u00f3nico y verificar qu\u00e9 enlaces contiene el correo electr\u00f3nico al que ha accedido.<\/p>\n\n\n\n<p>Puede eliminar el p\u00edxel borrando el correo electr\u00f3nico. Si no desea descargar el p\u00edxel en su ordenador o dispositivo, puede confirmarlo seleccionando recibir nuestros correos electr\u00f3nicos en forma de texto simple en lugar de HTML, o no abriendo las im\u00e1genes en su correo electr\u00f3nico.<\/p>\n\n\n\n<p>Alternativamente, puede darse de baja de nuestra lista de correo electr\u00f3nico contact\u00e1ndonos a trav\u00e9s de <a href=\"mailto:ContactPrivacy@maytronics.com\">ContactPrivacy@maytronics.com<\/a>] <strong><\/strong><\/p>\n\n\n\n<p><strong><u><br><\/u><\/strong><strong><u>Modificaciones <\/u><\/strong><strong><u><\/u><\/strong><\/p>\n\n\n\n<p>Nos reservamos el derecho de modificar esta pol\u00edtica de cookies en cualquier momento envi\u00e1ndole un correo electr\u00f3nico con los nuevos t\u00e9rminos o publicando una copia de estos en el Sitio web. Las modificaciones entrar\u00e1n en vigor 7 d\u00edas despu\u00e9s de la fecha de nuestro correo electr\u00f3nico o en la fecha en que publiquemos los nuevos t\u00e9rminos en el Sitio, lo que antes suceda. Si sigue utilizando el Sitio despu\u00e9s de que expire ese per\u00edodo, se entender\u00e1 que se compromete a cumplir la nueva pol\u00edtica.<\/p>\n\n\n\n<p><strong><u>Contacto<\/u><\/strong><strong><u><\/u><\/strong><\/p>\n\n\n\n<p>Si tiene cualquier duda o pregunta relativa a las cookies o a su privacidad al utilizar este Sitio, le rogamos que se ponga en contacto con nosotros de la forma siguiente:<\/p>\n\n\n\n<p>Por correo postal: Kibbutz Yizre&#8217;el 1935000 Israel<\/p>\n\n\n\n<p>Por tel\u00e9fono: +972-4-6598111<\/p>\n\n\n\n<p>Por correo electr\u00f3nico: <a href=\"mailto:ContactPrivacy@maytronics.com\">ContactPrivacy@maytronics.com<\/a><\/p>\n","protected":false},"excerpt":{"rendered":"<p>Informaci\u00f3n sobre c\u00f3mo utilizamos las cookies Bienvenido a https:\/\/www.maytronicsla.com\/ (el \u00abSitio\u00ab). Nuestro Sitio utiliza cookies para diferenciarle del resto de usuarios. Ello nos ayuda a ofrecerle la mejor experiencia posible cuando navega por nuestro Sitio, as\u00ed como a mejorarlo. Si sigue navegando por el Sitio estar\u00e1 aceptando el uso que damos a las cookies. Una [&hellip;]<\/p>\n","protected":false},"author":1,"featured_media":0,"parent":0,"menu_order":0,"comment_status":"closed","ping_status":"closed","template":"","meta":{"_et_pb_use_builder":"off","_et_pb_old_content":"","_et_gb_content_width":"1080","footnotes":""},"class_list":["post-3076","page","type-page","status-publish","hentry"],"yoast_head":"<!-- This site is optimized with the Yoast SEO plugin v19.9 - https:\/\/yoast.com\/wordpress\/plugins\/seo\/ -->\n<title>POL\u00cdTICA DE COOKIES DE MAYTRONICS - Maytronics<\/title>\n<meta name=\"robots\" content=\"index, follow, max-snippet:-1, max-image-preview:large, max-video-preview:-1\" \/>\n<link rel=\"canonical\" href=\"https:\/\/maytronicsla.com\/site\/politica-de-cookies-de-maytronics\/\" \/>\n<meta property=\"og:locale\" content=\"es_ES\" \/>\n<meta property=\"og:type\" content=\"article\" \/>\n<meta property=\"og:title\" content=\"POL\u00cdTICA DE COOKIES DE MAYTRONICS - Maytronics\" \/>\n<meta property=\"og:description\" content=\"Informaci\u00f3n sobre c\u00f3mo utilizamos las cookies Bienvenido a https:\/\/www.maytronicsla.com\/ (el \u00abSitio\u00ab). Nuestro Sitio utiliza cookies para diferenciarle del resto de usuarios. Ello nos ayuda a ofrecerle la mejor experiencia posible cuando navega por nuestro Sitio, as\u00ed como a mejorarlo. Si sigue navegando por el Sitio estar\u00e1 aceptando el uso que damos a las cookies. Una [&hellip;]\" \/>\n<meta property=\"og:url\" content=\"https:\/\/maytronicsla.com\/site\/politica-de-cookies-de-maytronics\/\" \/>\n<meta property=\"og:site_name\" content=\"Maytronics\" \/>\n<meta property=\"article:modified_time\" content=\"2022-08-17T02:07:42+00:00\" \/>\n<meta name=\"twitter:card\" content=\"summary_large_image\" \/>\n<meta name=\"twitter:label1\" content=\"Tiempo de lectura\" \/>\n\t<meta name=\"twitter:data1\" content=\"7 minutos\" \/>\n<script type=\"application\/ld+json\" class=\"yoast-schema-graph\">{\"@context\":\"https:\/\/schema.org\",\"@graph\":[{\"@type\":\"WebPage\",\"@id\":\"https:\/\/maytronicsla.com\/site\/politica-de-cookies-de-maytronics\/\",\"url\":\"https:\/\/maytronicsla.com\/site\/politica-de-cookies-de-maytronics\/\",\"name\":\"POL\u00cdTICA DE COOKIES DE MAYTRONICS - Maytronics\",\"isPartOf\":{\"@id\":\"https:\/\/maytronicsla.com\/site\/#website\"},\"datePublished\":\"2022-08-17T02:05:55+00:00\",\"dateModified\":\"2022-08-17T02:07:42+00:00\",\"breadcrumb\":{\"@id\":\"https:\/\/maytronicsla.com\/site\/politica-de-cookies-de-maytronics\/#breadcrumb\"},\"inLanguage\":\"es\",\"potentialAction\":[{\"@type\":\"ReadAction\",\"target\":[\"https:\/\/maytronicsla.com\/site\/politica-de-cookies-de-maytronics\/\"]}]},{\"@type\":\"BreadcrumbList\",\"@id\":\"https:\/\/maytronicsla.com\/site\/politica-de-cookies-de-maytronics\/#breadcrumb\",\"itemListElement\":[{\"@type\":\"ListItem\",\"position\":1,\"name\":\"Portada\",\"item\":\"https:\/\/maytronicsla.com\/site\/\"},{\"@type\":\"ListItem\",\"position\":2,\"name\":\"POL\u00cdTICA DE COOKIES DE MAYTRONICS\"}]},{\"@type\":\"WebSite\",\"@id\":\"https:\/\/maytronicsla.com\/site\/#website\",\"url\":\"https:\/\/maytronicsla.com\/site\/\",\"name\":\"Maytronics\",\"description\":\"Exceptional Experience\",\"potentialAction\":[{\"@type\":\"SearchAction\",\"target\":{\"@type\":\"EntryPoint\",\"urlTemplate\":\"https:\/\/maytronicsla.com\/site\/?s={search_term_string}\"},\"query-input\":\"required name=search_term_string\"}],\"inLanguage\":\"es\"}]}<\/script>\n<!-- \/ Yoast SEO plugin. -->","yoast_head_json":{"title":"POL\u00cdTICA DE COOKIES DE MAYTRONICS - Maytronics","robots":{"index":"index","follow":"follow","max-snippet":"max-snippet:-1","max-image-preview":"max-image-preview:large","max-video-preview":"max-video-preview:-1"},"canonical":"https:\/\/maytronicsla.com\/site\/politica-de-cookies-de-maytronics\/","og_locale":"es_ES","og_type":"article","og_title":"POL\u00cdTICA DE COOKIES DE MAYTRONICS - Maytronics","og_description":"Informaci\u00f3n sobre c\u00f3mo utilizamos las cookies Bienvenido a https:\/\/www.maytronicsla.com\/ (el \u00abSitio\u00ab). Nuestro Sitio utiliza cookies para diferenciarle del resto de usuarios. Ello nos ayuda a ofrecerle la mejor experiencia posible cuando navega por nuestro Sitio, as\u00ed como a mejorarlo. Si sigue navegando por el Sitio estar\u00e1 aceptando el uso que damos a las cookies. Una [&hellip;]","og_url":"https:\/\/maytronicsla.com\/site\/politica-de-cookies-de-maytronics\/","og_site_name":"Maytronics","article_modified_time":"2022-08-17T02:07:42+00:00","twitter_card":"summary_large_image","twitter_misc":{"Tiempo de lectura":"7 minutos"},"schema":{"@context":"https:\/\/schema.org","@graph":[{"@type":"WebPage","@id":"https:\/\/maytronicsla.com\/site\/politica-de-cookies-de-maytronics\/","url":"https:\/\/maytronicsla.com\/site\/politica-de-cookies-de-maytronics\/","name":"POL\u00cdTICA DE COOKIES DE MAYTRONICS - Maytronics","isPartOf":{"@id":"https:\/\/maytronicsla.com\/site\/#website"},"datePublished":"2022-08-17T02:05:55+00:00","dateModified":"2022-08-17T02:07:42+00:00","breadcrumb":{"@id":"https:\/\/maytronicsla.com\/site\/politica-de-cookies-de-maytronics\/#breadcrumb"},"inLanguage":"es","potentialAction":[{"@type":"ReadAction","target":["https:\/\/maytronicsla.com\/site\/politica-de-cookies-de-maytronics\/"]}]},{"@type":"BreadcrumbList","@id":"https:\/\/maytronicsla.com\/site\/politica-de-cookies-de-maytronics\/#breadcrumb","itemListElement":[{"@type":"ListItem","position":1,"name":"Portada","item":"https:\/\/maytronicsla.com\/site\/"},{"@type":"ListItem","position":2,"name":"POL\u00cdTICA DE COOKIES DE MAYTRONICS"}]},{"@type":"WebSite","@id":"https:\/\/maytronicsla.com\/site\/#website","url":"https:\/\/maytronicsla.com\/site\/","name":"Maytronics","description":"Exceptional Experience","potentialAction":[{"@type":"SearchAction","target":{"@type":"EntryPoint","urlTemplate":"https:\/\/maytronicsla.com\/site\/?s={search_term_string}"},"query-input":"required name=search_term_string"}],"inLanguage":"es"}]}},"_links":{"self":[{"href":"https:\/\/maytronicsla.com\/site\/wp-json\/wp\/v2\/pages\/3076","targetHints":{"allow":["GET"]}}],"collection":[{"href":"https:\/\/maytronicsla.com\/site\/wp-json\/wp\/v2\/pages"}],"about":[{"href":"https:\/\/maytronicsla.com\/site\/wp-json\/wp\/v2\/types\/page"}],"author":[{"embeddable":true,"href":"https:\/\/maytronicsla.com\/site\/wp-json\/wp\/v2\/users\/1"}],"replies":[{"embeddable":true,"href":"https:\/\/maytronicsla.com\/site\/wp-json\/wp\/v2\/comments?post=3076"}],"version-history":[{"count":3,"href":"https:\/\/maytronicsla.com\/site\/wp-json\/wp\/v2\/pages\/3076\/revisions"}],"predecessor-version":[{"id":3079,"href":"https:\/\/maytronicsla.com\/site\/wp-json\/wp\/v2\/pages\/3076\/revisions\/3079"}],"wp:attachment":[{"href":"https:\/\/maytronicsla.com\/site\/wp-json\/wp\/v2\/media?parent=3076"}],"curies":[{"name":"wp","href":"https:\/\/api.w.org\/{rel}","templated":true}]}}